{"id":2063,"date":"2023-09-19T03:35:23","date_gmt":"2023-09-19T03:35:23","guid":{"rendered":"https:\/\/oldsite.icmauritius.net\/?page_id=2063"},"modified":"2024-07-05T07:37:23","modified_gmt":"2024-07-05T07:37:23","slug":"rooms-suites","status":"publish","type":"page","link":"https:\/\/oldsite.icmauritius.net\/fr\/rooms-suites\/","title":{"rendered":"Chambres &amp; Suites"},"content":{"rendered":"<p><div class=\"fusion-bg-parallax\" data-bg-align=\"center center\" data-direction=\"up\" data-mute=\"false\" data-opacity=\"100\" data-velocity=\"-0.3\" data-mobile-enabled=\"false\" data-break_parents=\"0\" data-bg-image=\"https:\/\/oldsite.icmauritius.net\/wp-content\/uploads\/2024\/02\/prestige-banner-3.jpg\" data-bg-repeat=\"false\" ><\/div><div class=\"fusion-fullwidth fullwidth-box fusion-builder-row-1 fusion-flex-container has-pattern-background has-mask-background fusion-parallax-up hundred-percent-fullwidth hundred-percent-height hundred-percent-height-center-content non-hundred-percent-height-scrolling\" style=\"--awb-border-radius-top-left:0px;--awb-border-radius-top-right:0px;--awb-border-radius-bottom-right:0px;--awb-border-radius-bottom-left:0px;--awb-padding-top:0px;--awb-padding-right:0px;--awb-padding-bottom:0px;--awb-padding-left:0px;--awb-padding-bottom-medium:0px;--awb-margin-top:0px;--awb-margin-bottom:0px;--awb-margin-bottom-medium:0px;--awb-background-image:url(&quot;https:\/\/oldsite.icmauritius.net\/wp-content\/uploads\/2024\/02\/prestige-banner-3.jpg&quot;);--awb-background-size:cover;--awb-flex-wrap:wrap;\" data-preload-img=\"https:\/\/oldsite.icmauritius.net\/wp-content\/uploads\/2024\/02\/prestige-banner-3.jpg\" ><div class=\"fusion-builder-row fusion-row fusion-flex-align-items-stretch fusion-flex-content-wrap\" style=\"width:105% !important;max-width:105% !important;margin-left: calc(-5% \/ 2 );margin-right: calc(-5% \/ 2 );\"><div class=\"fusion-layout-column fusion_builder_column fusion-builder-column-0 fusion_builder_column_1_1 1_1 fusion-flex-column fusion-flex-align-self-stretch\" style=\"--awb-bg-size:cover;--awb-width-large:100%;--awb-margin-top-large:0px;--awb-spacing-right-large:2.375%;--awb-margin-bottom-large:0px;--awb-spacing-left-large:2.375%;--awb-width-medium:100%;--awb-order-medium:0;--awb-spacing-right-medium:2.375%;--awb-spacing-left-medium:2.375%;--awb-width-small:100%;--awb-order-small:0;--awb-spacing-right-small:2.375%;--awb-spacing-left-small:2.375%;\" data-scroll-devices=\"small-visibility,medium-visibility,large-visibility\"><div class=\"fusion-column-wrapper fusion-column-has-shadow fusion-flex-justify-content-center fusion-content-layout-row\"><div class=\"fusion-builder-row fusion-builder-row-inner fusion-row fusion-flex-align-items-stretch fusion-flex-content-wrap\" style=\"width:105% !important;max-width:105% !important;margin-left: calc(-5% \/ 2 );margin-right: calc(-5% \/ 2 );\"><div class=\"fusion-layout-column fusion_builder_column_inner fusion-builder-nested-column-0 fusion_builder_column_inner_1_1 1_1 fusion-flex-column fusion-flex-align-self-stretch\" style=\"--awb-bg-image:linear-gradient(180deg, rgba(0,0,0,0) 50%,rgba(0,0,0,0.7) 90%);--awb-bg-size:cover;--awb-width-large:100%;--awb-margin-top-large:0px;--awb-spacing-right-large:2.375%;--awb-margin-bottom-large:0px;--awb-spacing-left-large:2.375%;--awb-width-medium:100%;--awb-order-medium:0;--awb-spacing-right-medium:2.375%;--awb-spacing-left-medium:2.375%;--awb-width-small:100%;--awb-order-small:0;--awb-spacing-right-small:2.375%;--awb-spacing-left-small:2.375%;\" data-scroll-devices=\"small-visibility,medium-visibility,large-visibility\"><div class=\"fusion-column-wrapper fusion-column-has-shadow fusion-flex-justify-content-flex-end fusion-content-layout-column\"><div class=\"fusion-title title fusion-title-1 fusion-sep-none fusion-title-center fusion-title-text fusion-title-size-one\" style=\"--awb-text-color:#ffffff;--awb-margin-bottom:50px;--awb-font-size:48px;\"><h1 class=\"fusion-title-heading title-heading-center\" style=\"font-family:&quot;ITC Baskerville Roman&quot;;font-style:normal;font-weight:400;margin:0;font-size:1em;text-transform:uppercase;line-height:58px;\">Chambres &amp; Suites<\/h1><\/div><\/div><\/div><\/div><\/div><\/div><\/div><\/div><div class=\"fusion-fullwidth fullwidth-box fusion-builder-row-2 fusion-flex-container has-pattern-background has-mask-background hundred-percent-fullwidth non-hundred-percent-height-scrolling\" style=\"--awb-border-radius-top-left:0px;--awb-border-radius-top-right:0px;--awb-border-radius-bottom-right:0px;--awb-border-radius-bottom-left:0px;--awb-margin-top:30px;--awb-margin-bottom:30px;--awb-flex-wrap:nowrap;\" ><div class=\"fusion-builder-row fusion-row fusion-flex-align-items-center fusion-flex-justify-content-center fusion-flex-content-wrap\" style=\"width:105% !important;max-width:105% !important;margin-left: calc(-5% \/ 2 );margin-right: calc(-5% \/ 2 );\"><div class=\"fusion-layout-column fusion_builder_column fusion-builder-column-1 fusion_builder_column_1_1 1_1 fusion-flex-column fusion-flex-align-self-stretch\" style=\"--awb-bg-size:cover;--awb-width-large:100%;--awb-margin-top-large:0px;--awb-spacing-right-large:2.375%;--awb-margin-bottom-large:20px;--awb-spacing-left-large:2.375%;--awb-width-medium:100%;--awb-order-medium:0;--awb-spacing-right-medium:2.375%;--awb-spacing-left-medium:2.375%;--awb-width-small:100%;--awb-order-small:0;--awb-spacing-right-small:2.375%;--awb-spacing-left-small:2.375%;\" data-scroll-devices=\"small-visibility,medium-visibility,large-visibility\"><div class=\"fusion-column-wrapper fusion-column-has-shadow fusion-flex-justify-content-flex-start fusion-content-layout-block\"><div class=\"fusion-title title fusion-title-2 fusion-title-center fusion-title-text fusion-title-size-one\" style=\"--awb-margin-top:30px;--awb-margin-bottom:0px;--awb-sep-color:#d3b5a3;--awb-font-size:30px;\"><div class=\"title-sep-container title-sep-container-left\"><div class=\"title-sep sep-single sep-solid\" style=\"border-color:#d3b5a3;\"><\/div><\/div><span class=\"awb-title-spacer\"><\/span><h1 class=\"fusion-title-heading title-heading-center\" style=\"font-family:&quot;ITC Baskerville Roman&quot;;font-style:normal;font-weight:400;margin:0;font-size:1em;letter-spacing:0.1em;text-transform:uppercase;\"><p style=\"text-align: center;\">OU CHAQUE PI\u00c8CE RACONTE UNE HISTOIRE<\/p><\/h1><span class=\"awb-title-spacer\"><\/span><div class=\"title-sep-container title-sep-container-right\"><div class=\"title-sep sep-single sep-solid\" style=\"border-color:#d3b5a3;\"><\/div><\/div><\/div><div class=\"fusion-text fusion-text-1 fusion-animated\" style=\"--awb-content-alignment:center;--awb-font-size:18px;--awb-line-height:1.4em;--awb-text-color:#44443c;--awb-margin-top:30px;--awb-text-font-family:&quot;ITC Baskerville Roman&quot;;--awb-text-font-style:normal;--awb-text-font-weight:400;\" data-animationtype=\"fadeInUp\" data-animationduration=\"0.5\" data-animationdelay=\"0.3\" data-animationoffset=\"top-into-view\"><p style=\"text-align: center;\">Franchissez les portes du paradis avec nos chambres et suites m\u00e9ticuleusement con\u00e7ues, chacune offrant un m\u00e9lange de confort moderne et de charme insulaire. Que vous recherchiez une escapade romantique ou des vacances en famille, nos h\u00e9bergements constituent le cadre id\u00e9al pour vos r\u00eaves de vacances au c\u0153ur de la splendeur de notre paradis tropical, rendant votre escapade insulaire inoubliable.<\/p>\n<\/div><\/div><\/div><\/div><\/div><div class=\"fusion-fullwidth fullwidth-box fusion-builder-row-3 fusion-flex-container has-pattern-background has-mask-background hundred-percent-fullwidth non-hundred-percent-height-scrolling\" style=\"--link_hover_color: #d3b5a3;--link_color: #d3b5a3;--awb-background-position:left top;--awb-border-sizes-top:0px;--awb-border-sizes-bottom:0px;--awb-border-sizes-left:0px;--awb-border-sizes-right:0px;--awb-border-radius-top-left:0px;--awb-border-radius-top-right:0px;--awb-border-radius-bottom-right:0px;--awb-border-radius-bottom-left:0px;--awb-padding-top:0px;--awb-padding-right:0px;--awb-padding-bottom:0px;--awb-padding-left:0px;--awb-padding-bottom-medium:2px;--awb-margin-top:0px;--awb-margin-bottom:50px;--awb-flex-wrap:wrap;\" ><div class=\"fusion-builder-row fusion-row fusion-flex-align-items-flex-start fusion-flex-align-content-center fusion-flex-content-wrap\" style=\"width:calc( 100% + 0px ) !important;max-width:calc( 100% + 0px ) !important;margin-left: calc(-0px \/ 2 );margin-right: calc(-0px \/ 2 );\"><div class=\"fusion-layout-column fusion_builder_column fusion-builder-column-2 fusion_builder_column_1_2 1_2 fusion-flex-column\" style=\"--awb-bg-blend:overlay;--awb-bg-size:cover;--awb-width-large:50%;--awb-margin-top-large:0px;--awb-spacing-right-large:30px;--awb-margin-bottom-large:0px;--awb-spacing-left-large:30px;--awb-width-medium:50%;--awb-order-medium:0;--awb-spacing-right-medium:30px;--awb-spacing-left-medium:30px;--awb-width-small:100%;--awb-order-small:0;--awb-spacing-right-small:0px;--awb-spacing-left-small:0px;\" data-scroll-devices=\"small-visibility,medium-visibility,large-visibility\"><div class=\"fusion-column-wrapper fusion-column-has-shadow fusion-flex-justify-content-flex-end fusion-content-layout-column\"><div class=\"fusion-image-element\" style=\"--awb-caption-title-font-family:var(--h2_typography-font-family);--awb-caption-title-font-weight:var(--h2_typography-font-weight);--awb-caption-title-font-style:var(--h2_typography-font-style);--awb-caption-title-size:var(--h2_typography-font-size);--awb-caption-title-transform:var(--h2_typography-text-transform);--awb-caption-title-line-height:var(--h2_typography-line-height);--awb-caption-title-letter-spacing:var(--h2_typography-letter-spacing);\"><span class=\"fusion-imageframe imageframe-none imageframe-1 hover-type-zoomin\"><a class=\"fusion-no-lightbox\" href=\"https:\/\/oldsite.icmauritius.net\/fr\/our-rooms\/\" target=\"_self\" aria-label=\"prestige-banner-1\"><img decoding=\"async\" width=\"1920\" height=\"1238\" src=\"https:\/\/oldsite.icmauritius.net\/wp-content\/uploads\/2024\/02\/prestige-banner-1.jpg\" data-orig-src=\"https:\/\/oldsite.icmauritius.net\/wp-content\/uploads\/2024\/02\/prestige-banner-1.jpg\" alt class=\"lazyload img-responsive wp-image-2451\" srcset=\"data:image\/svg+xml,%3Csvg%20xmlns%3D%27http%3A%2F%2Fwww.w3.org%2F2000%2Fsvg%27%20width%3D%271920%27%20height%3D%271238%27%20viewBox%3D%270%200%201920%201238%27%3E%3Crect%20width%3D%271920%27%20height%3D%271238%27%20fill-opacity%3D%220%22%2F%3E%3C%2Fsvg%3E\" data-srcset=\"https:\/\/oldsite.icmauritius.net\/wp-content\/uploads\/2024\/02\/prestige-banner-1-200x129.jpg 200w, https:\/\/oldsite.icmauritius.net\/wp-content\/uploads\/2024\/02\/prestige-banner-1-400x258.jpg 400w, https:\/\/oldsite.icmauritius.net\/wp-content\/uploads\/2024\/02\/prestige-banner-1-600x387.jpg 600w, https:\/\/oldsite.icmauritius.net\/wp-content\/uploads\/2024\/02\/prestige-banner-1-800x516.jpg 800w, https:\/\/oldsite.icmauritius.net\/wp-content\/uploads\/2024\/02\/prestige-banner-1-1200x774.jpg 1200w, https:\/\/oldsite.icmauritius.net\/wp-content\/uploads\/2024\/02\/prestige-banner-1.jpg 1920w\" data-sizes=\"auto\" data-orig-sizes=\"(max-width: 700px) 100vw, 800px\" \/><\/a><\/span><\/div><div class=\"fusion-builder-row fusion-builder-row-inner fusion-row fusion-flex-align-items-flex-start fusion-flex-align-content-center fusion-flex-content-wrap\" style=\"width:calc( 100% + 0px ) !important;max-width:calc( 100% + 0px ) !important;margin-left: calc(-0px \/ 2 );margin-right: calc(-0px \/ 2 );\"><div class=\"fusion-layout-column fusion_builder_column_inner fusion-builder-nested-column-1 fusion_builder_column_inner_1_1 1_1 fusion-flex-column\" style=\"--awb-padding-top:45px;--awb-padding-left:45px;--awb-bg-size:cover;--awb-width-large:100%;--awb-margin-top-large:0px;--awb-spacing-right-large:0px;--awb-margin-bottom-large:20px;--awb-spacing-left-large:0px;--awb-width-medium:100%;--awb-order-medium:0;--awb-spacing-right-medium:0px;--awb-spacing-left-medium:0px;--awb-width-small:100%;--awb-order-small:0;--awb-spacing-right-small:0px;--awb-spacing-left-small:0px;\" data-scroll-devices=\"small-visibility,medium-visibility,large-visibility\"><div class=\"fusion-column-wrapper fusion-column-has-shadow fusion-flex-justify-content-flex-start fusion-content-layout-column\"><div class=\"fusion-title title fusion-title-3 fusion-sep-none fusion-title-text fusion-title-size-one\" style=\"--awb-text-color:#44443c;--awb-font-size:24px;\"><h1 class=\"fusion-title-heading title-heading-left\" style=\"font-family:&quot;ITC Baskerville Roman&quot;;font-style:normal;font-weight:400;margin:0;font-size:1em;\"><p style=\"text-align: left;\">Chambres<\/p><\/h1><\/div><div class=\"fusion-text fusion-text-2 fusion-animated\" style=\"--awb-content-alignment:center;--awb-font-size:18px;--awb-line-height:1.4em;--awb-text-color:#44443c;--awb-margin-top:20px;--awb-text-font-family:&quot;ITC Baskerville Roman&quot;;--awb-text-font-style:normal;--awb-text-font-weight:400;\" data-animationtype=\"fadeInUp\" data-animationduration=\"0.5\" data-animationdelay=\"0.3\" data-animationoffset=\"top-into-view\"><p style=\"text-align: left;\">Plongez dans la vie insulaire dans nos chambres \u00e9l\u00e9gamment am\u00e9nag\u00e9es et lumineuses, chacune offrant des vues \u00e0 couper le souffle et des \u00e9quipements luxueux.<b><br \/>\n<\/b><\/p>\n<\/div><div style=\"text-align:left;\"><a class=\"fusion-button button-flat fusion-button-default-size button-custom fusion-button-default button-1 fusion-button-default-span fusion-button-default-type fusion-animated fixdeco fusion-has-button-gradient\" style=\"--button_accent_color:#44443c;--button_border_color:#d3b5a3;--button_accent_hover_color:#9f9f9e;--button_border_hover_color:#d3b5a3;--button_border_width-top:0px;--button_border_width-right:0px;--button_border_width-bottom:0px;--button_border_width-left:0px;--button-border-radius-top-left:0px;--button-border-radius-top-right:0px;--button-border-radius-bottom-right:0px;--button-border-radius-bottom-left:0px;--button_gradient_top_color:rgba(255,255,255,0);--button_gradient_bottom_color:rgba(255,255,255,0.02);--button_gradient_top_color_hover:rgba(255,255,255,0);--button_gradient_bottom_color_hover:rgba(255,255,255,0);--button_font_size:20px;--button_line_height:2em;--button_padding-right:0px;--button_padding-bottom:0px;--button_padding-left:0px;--button_typography-font-family:&quot;ITC Baskerville Roman&quot;;--button_typography-font-style:normal;--button_typography-font-weight:400;\" data-animationtype=\"fadeInUp\" data-animationduration=\"0.6\" data-animationdelay=\"0.5\" data-animationoffset=\"top-into-view\" target=\"_self\" href=\"https:\/\/oldsite.icmauritius.net\/fr\/our-rooms\/\"><span class=\"fusion-button-text\">Voir nos chambres<\/span><\/a><\/div><\/div><\/div><\/div><\/div><\/div><div class=\"fusion-layout-column fusion_builder_column fusion-builder-column-3 fusion_builder_column_1_2 1_2 fusion-flex-column\" style=\"--awb-bg-blend:overlay;--awb-bg-size:cover;--awb-width-large:50%;--awb-margin-top-large:0px;--awb-spacing-right-large:30px;--awb-margin-bottom-large:0px;--awb-spacing-left-large:30px;--awb-width-medium:50%;--awb-order-medium:0;--awb-spacing-right-medium:30px;--awb-spacing-left-medium:30px;--awb-width-small:100%;--awb-order-small:0;--awb-spacing-right-small:0px;--awb-spacing-left-small:0px;\" data-scroll-devices=\"small-visibility,medium-visibility,large-visibility\"><div class=\"fusion-column-wrapper fusion-column-has-shadow fusion-flex-justify-content-flex-end fusion-content-layout-column\"><div class=\"fusion-image-element\" style=\"--awb-caption-title-font-family:var(--h2_typography-font-family);--awb-caption-title-font-weight:var(--h2_typography-font-weight);--awb-caption-title-font-style:var(--h2_typography-font-style);--awb-caption-title-size:var(--h2_typography-font-size);--awb-caption-title-transform:var(--h2_typography-text-transform);--awb-caption-title-line-height:var(--h2_typography-line-height);--awb-caption-title-letter-spacing:var(--h2_typography-letter-spacing);\"><span class=\"fusion-imageframe imageframe-none imageframe-2 hover-type-zoomin\"><a class=\"fusion-no-lightbox\" href=\"https:\/\/oldsite.icmauritius.net\/fr\/suites\/\" target=\"_self\" aria-label=\"penthouse-1\"><img decoding=\"async\" width=\"1920\" height=\"1238\" src=\"https:\/\/oldsite.icmauritius.net\/wp-content\/uploads\/2024\/02\/penthouse-1.jpg\" data-orig-src=\"https:\/\/oldsite.icmauritius.net\/wp-content\/uploads\/2024\/02\/penthouse-1.jpg\" alt class=\"lazyload img-responsive wp-image-2442\" srcset=\"data:image\/svg+xml,%3Csvg%20xmlns%3D%27http%3A%2F%2Fwww.w3.org%2F2000%2Fsvg%27%20width%3D%271920%27%20height%3D%271238%27%20viewBox%3D%270%200%201920%201238%27%3E%3Crect%20width%3D%271920%27%20height%3D%271238%27%20fill-opacity%3D%220%22%2F%3E%3C%2Fsvg%3E\" data-srcset=\"https:\/\/oldsite.icmauritius.net\/wp-content\/uploads\/2024\/02\/penthouse-1-200x129.jpg 200w, https:\/\/oldsite.icmauritius.net\/wp-content\/uploads\/2024\/02\/penthouse-1-400x258.jpg 400w, https:\/\/oldsite.icmauritius.net\/wp-content\/uploads\/2024\/02\/penthouse-1-600x387.jpg 600w, https:\/\/oldsite.icmauritius.net\/wp-content\/uploads\/2024\/02\/penthouse-1-800x516.jpg 800w, https:\/\/oldsite.icmauritius.net\/wp-content\/uploads\/2024\/02\/penthouse-1-1200x774.jpg 1200w, https:\/\/oldsite.icmauritius.net\/wp-content\/uploads\/2024\/02\/penthouse-1.jpg 1920w\" data-sizes=\"auto\" data-orig-sizes=\"(max-width: 700px) 100vw, 800px\" \/><\/a><\/span><\/div><div class=\"fusion-builder-row fusion-builder-row-inner fusion-row fusion-flex-align-items-flex-start fusion-flex-align-content-center fusion-flex-content-wrap\" style=\"width:calc( 100% + 0px ) !important;max-width:calc( 100% + 0px ) !important;margin-left: calc(-0px \/ 2 );margin-right: calc(-0px \/ 2 );\"><div class=\"fusion-layout-column fusion_builder_column_inner fusion-builder-nested-column-2 fusion_builder_column_inner_1_1 1_1 fusion-flex-column\" style=\"--awb-padding-top:45px;--awb-padding-left:45px;--awb-bg-size:cover;--awb-width-large:100%;--awb-margin-top-large:0px;--awb-spacing-right-large:0px;--awb-margin-bottom-large:20px;--awb-spacing-left-large:0px;--awb-width-medium:100%;--awb-order-medium:0;--awb-spacing-right-medium:0px;--awb-spacing-left-medium:0px;--awb-width-small:100%;--awb-order-small:0;--awb-spacing-right-small:0px;--awb-spacing-left-small:0px;\" data-scroll-devices=\"small-visibility,medium-visibility,large-visibility\"><div class=\"fusion-column-wrapper fusion-column-has-shadow fusion-flex-justify-content-flex-start fusion-content-layout-column\"><div class=\"fusion-title title fusion-title-4 fusion-sep-none fusion-title-text fusion-title-size-one\" style=\"--awb-text-color:#44443c;--awb-font-size:24px;\"><h1 class=\"fusion-title-heading title-heading-left\" style=\"font-family:&quot;ITC Baskerville Roman&quot;;font-style:normal;font-weight:400;margin:0;font-size:1em;\"><p style=\"text-align: left;\">Suites<\/p><\/h1><\/div><div class=\"fusion-text fusion-text-3 fusion-animated\" style=\"--awb-content-alignment:center;--awb-font-size:18px;--awb-line-height:1.4em;--awb-text-color:#44443c;--awb-margin-top:20px;--awb-text-font-family:&quot;ITC Baskerville Roman&quot;;--awb-text-font-style:normal;--awb-text-font-weight:400;\" data-animationtype=\"fadeInUp\" data-animationduration=\"0.5\" data-animationdelay=\"0.3\" data-animationoffset=\"top-into-view\"><p style=\"text-align: left;\">D\u00e9couvrez la s\u00e9r\u00e9nit\u00e9 dans nos suites inspir\u00e9es des \u00eeles, \u00e0 partir de 89 m\u00b2, o\u00f9 chaque d\u00e9tail refl\u00e8te la beaut\u00e9 de notre environnement tropical.<b><br \/>\n<\/b><\/p>\n<\/div><div style=\"text-align:left;\"><a class=\"fusion-button button-flat fusion-button-default-size button-custom fusion-button-default button-2 fusion-button-default-span fusion-button-default-type fusion-animated fixdeco fusion-has-button-gradient\" style=\"--button_accent_color:#44443c;--button_border_color:#d3b5a3;--button_accent_hover_color:#9f9f9e;--button_border_hover_color:#d3b5a3;--button_border_width-top:0px;--button_border_width-right:0px;--button_border_width-bottom:0px;--button_border_width-left:0px;--button-border-radius-top-left:0px;--button-border-radius-top-right:0px;--button-border-radius-bottom-right:0px;--button-border-radius-bottom-left:0px;--button_gradient_top_color:rgba(255,255,255,0);--button_gradient_bottom_color:rgba(255,255,255,0.02);--button_gradient_top_color_hover:rgba(255,255,255,0);--button_gradient_bottom_color_hover:rgba(255,255,255,0);--button_font_size:20px;--button_line_height:2em;--button_padding-right:0px;--button_padding-bottom:0px;--button_padding-left:0px;--button_typography-font-family:&quot;ITC Baskerville Roman&quot;;--button_typography-font-style:normal;--button_typography-font-weight:400;\" data-animationtype=\"fadeInUp\" data-animationduration=\"0.6\" data-animationdelay=\"0.5\" data-animationoffset=\"top-into-view\" target=\"_self\" href=\"https:\/\/oldsite.icmauritius.net\/fr\/suites\/\"><span class=\"fusion-button-text\">Voir nos suites<\/span><\/a><\/div><\/div><\/div><\/div><\/div><\/div><\/div><\/div><\/p>","protected":false},"excerpt":{"rendered":"","protected":false},"author":1,"featured_media":0,"parent":0,"menu_order":0,"comment_status":"closed","ping_status":"closed","template":"100-width.php","meta":{"footnotes":""},"folder":[],"class_list":["post-2063","page","type-page","status-publish","hentry"],"_links":{"self":[{"href":"https:\/\/oldsite.icmauritius.net\/fr\/wp-json\/wp\/v2\/pages\/2063","targetHints":{"allow":["GET"]}}],"collection":[{"href":"https:\/\/oldsite.icmauritius.net\/fr\/wp-json\/wp\/v2\/pages"}],"about":[{"href":"https:\/\/oldsite.icmauritius.net\/fr\/wp-json\/wp\/v2\/types\/page"}],"author":[{"embeddable":true,"href":"https:\/\/oldsite.icmauritius.net\/fr\/wp-json\/wp\/v2\/users\/1"}],"replies":[{"embeddable":true,"href":"https:\/\/oldsite.icmauritius.net\/fr\/wp-json\/wp\/v2\/comments?post=2063"}],"version-history":[{"count":226,"href":"https:\/\/oldsite.icmauritius.net\/fr\/wp-json\/wp\/v2\/pages\/2063\/revisions"}],"predecessor-version":[{"id":4317,"href":"https:\/\/oldsite.icmauritius.net\/fr\/wp-json\/wp\/v2\/pages\/2063\/revisions\/4317"}],"wp:attachment":[{"href":"https:\/\/oldsite.icmauritius.net\/fr\/wp-json\/wp\/v2\/media?parent=2063"}],"wp:term":[{"taxonomy":"folder","embeddable":true,"href":"https:\/\/oldsite.icmauritius.net\/fr\/wp-json\/wp\/v2\/folder?post=2063"}],"curies":[{"name":"wp","href":"https:\/\/api.w.org\/{rel}","templated":true}]}}