{"id":2827,"date":"2024-03-13T05:18:48","date_gmt":"2024-03-13T05:18:48","guid":{"rendered":"https:\/\/oldsite.icmauritius.net\/?page_id=2827"},"modified":"2024-07-22T08:14:03","modified_gmt":"2024-07-22T08:14:03","slug":"segala","status":"publish","type":"page","link":"https:\/\/oldsite.icmauritius.net\/fr\/segala\/","title":{"rendered":"Segala \u2013 Mediterranean Cuisine"},"content":{"rendered":"<p><div class=\"fusion-bg-parallax\" data-bg-align=\"center bottom\" data-direction=\"up\" data-mute=\"false\" data-opacity=\"100\" data-velocity=\"-0.3\" data-mobile-enabled=\"false\" data-break_parents=\"0\" data-bg-image=\"https:\/\/oldsite.icmauritius.net\/wp-content\/uploads\/2024\/06\/dining-segala-4.jpg\" data-bg-repeat=\"false\" ><\/div><div class=\"fusion-fullwidth fullwidth-box fusion-builder-row-1 fusion-flex-container has-pattern-background has-mask-background fusion-parallax-up hundred-percent-fullwidth hundred-percent-height hundred-percent-height-center-content non-hundred-percent-height-scrolling\" style=\"--awb-background-position:center bottom;--awb-border-radius-top-left:0px;--awb-border-radius-top-right:0px;--awb-border-radius-bottom-right:0px;--awb-border-radius-bottom-left:0px;--awb-padding-top:0px;--awb-padding-right:0px;--awb-padding-bottom:0px;--awb-padding-left:0px;--awb-padding-bottom-medium:0px;--awb-margin-top:0px;--awb-margin-bottom:0px;--awb-margin-bottom-medium:0px;--awb-background-image:url(&quot;https:\/\/oldsite.icmauritius.net\/wp-content\/uploads\/2024\/06\/dining-segala-4.jpg&quot;);--awb-background-size:cover;--awb-flex-wrap:wrap;\" data-preload-img=\"https:\/\/oldsite.icmauritius.net\/wp-content\/uploads\/2024\/06\/dining-segala-4.jpg\" ><div class=\"fusion-builder-row fusion-row fusion-flex-align-items-stretch fusion-flex-content-wrap\" style=\"width:105% !important;max-width:105% !important;margin-left: calc(-5% \/ 2 );margin-right: calc(-5% \/ 2 );\"><div class=\"fusion-layout-column fusion_builder_column fusion-builder-column-0 fusion_builder_column_1_1 1_1 fusion-flex-column fusion-flex-align-self-stretch\" style=\"--awb-bg-size:cover;--awb-width-large:100%;--awb-margin-top-large:0px;--awb-spacing-right-large:2.375%;--awb-margin-bottom-large:0px;--awb-spacing-left-large:2.375%;--awb-width-medium:100%;--awb-order-medium:0;--awb-spacing-right-medium:2.375%;--awb-spacing-left-medium:2.375%;--awb-width-small:100%;--awb-order-small:0;--awb-spacing-right-small:2.375%;--awb-spacing-left-small:2.375%;\" data-scroll-devices=\"small-visibility,medium-visibility,large-visibility\"><div class=\"fusion-column-wrapper fusion-column-has-shadow fusion-flex-justify-content-center fusion-content-layout-row\"><div class=\"fusion-builder-row fusion-builder-row-inner fusion-row fusion-flex-align-items-stretch fusion-flex-content-wrap\" style=\"width:105% !important;max-width:105% !important;margin-left: calc(-5% \/ 2 );margin-right: calc(-5% \/ 2 );\"><div class=\"fusion-layout-column fusion_builder_column_inner fusion-builder-nested-column-0 fusion_builder_column_inner_1_1 1_1 fusion-flex-column fusion-flex-align-self-stretch\" style=\"--awb-bg-image:linear-gradient(180deg, rgba(0,0,0,0) 50%,rgba(0,0,0,0.7) 90%);--awb-bg-size:cover;--awb-width-large:100%;--awb-margin-top-large:0px;--awb-spacing-right-large:2.375%;--awb-margin-bottom-large:0px;--awb-spacing-left-large:2.375%;--awb-width-medium:100%;--awb-order-medium:0;--awb-spacing-right-medium:2.375%;--awb-spacing-left-medium:2.375%;--awb-width-small:100%;--awb-order-small:0;--awb-spacing-right-small:2.375%;--awb-spacing-left-small:2.375%;\" data-scroll-devices=\"small-visibility,medium-visibility,large-visibility\"><div class=\"fusion-column-wrapper fusion-column-has-shadow fusion-flex-justify-content-flex-end fusion-content-layout-column\"><div class=\"fusion-title title fusion-title-1 fusion-sep-none fusion-title-center fusion-title-text fusion-title-size-one\" style=\"--awb-text-color:#ffffff;--awb-margin-bottom:50px;--awb-font-size:48px;\"><h1 class=\"fusion-title-heading title-heading-center\" style=\"font-family:&quot;ITC Baskerville Roman&quot;;font-style:normal;font-weight:400;margin:0;font-size:1em;text-transform:uppercase;line-height:58px;\">Segala<\/h1><\/div><\/div><\/div><\/div><\/div><\/div><\/div><\/div><div class=\"fusion-fullwidth fullwidth-box fusion-builder-row-2 fusion-flex-container has-pattern-background has-mask-background hundred-percent-fullwidth non-hundred-percent-height-scrolling\" style=\"--awb-border-radius-top-left:0px;--awb-border-radius-top-right:0px;--awb-border-radius-bottom-right:0px;--awb-border-radius-bottom-left:0px;--awb-margin-top:30px;--awb-margin-bottom:30px;--awb-flex-wrap:nowrap;\" ><div class=\"fusion-builder-row fusion-row fusion-flex-align-items-center fusion-flex-justify-content-center fusion-flex-content-wrap\" style=\"width:105% !important;max-width:105% !important;margin-left: calc(-5% \/ 2 );margin-right: calc(-5% \/ 2 );\"><div class=\"fusion-layout-column fusion_builder_column fusion-builder-column-1 fusion_builder_column_1_1 1_1 fusion-flex-column fusion-flex-align-self-stretch\" style=\"--awb-bg-size:cover;--awb-width-large:100%;--awb-margin-top-large:0px;--awb-spacing-right-large:2.375%;--awb-margin-bottom-large:20px;--awb-spacing-left-large:2.375%;--awb-width-medium:100%;--awb-order-medium:0;--awb-spacing-right-medium:2.375%;--awb-spacing-left-medium:2.375%;--awb-width-small:100%;--awb-order-small:0;--awb-spacing-right-small:2.375%;--awb-spacing-left-small:2.375%;\" data-scroll-devices=\"small-visibility,medium-visibility,large-visibility\"><div class=\"fusion-column-wrapper fusion-column-has-shadow fusion-flex-justify-content-flex-start fusion-content-layout-block\"><div class=\"fusion-title title fusion-title-2 fusion-title-center fusion-title-text fusion-title-size-one\" style=\"--awb-margin-top:30px;--awb-margin-bottom:0px;--awb-sep-color:#d3b5a3;--awb-font-size:30px;\"><div class=\"title-sep-container title-sep-container-left\"><div class=\"title-sep sep-single sep-solid\" style=\"border-color:#d3b5a3;\"><\/div><\/div><span class=\"awb-title-spacer\"><\/span><h1 class=\"fusion-title-heading title-heading-center\" style=\"font-family:&quot;ITC Baskerville Roman&quot;;font-style:normal;font-weight:400;margin:0;font-size:1em;letter-spacing:0.1em;text-transform:uppercase;\"><p style=\"text-align: center;\">Restaurant \u00e0 th\u00e8me m\u00e9diterran\u00e9en<\/p><\/h1><span class=\"awb-title-spacer\"><\/span><div class=\"title-sep-container title-sep-container-right\"><div class=\"title-sep sep-single sep-solid\" style=\"border-color:#d3b5a3;\"><\/div><\/div><\/div><div class=\"fusion-text fusion-text-1 fusion-animated\" style=\"--awb-content-alignment:center;--awb-font-size:18px;--awb-line-height:1.4em;--awb-text-color:#44443c;--awb-margin-top:30px;--awb-text-font-family:&quot;ITC Baskerville Roman&quot;;--awb-text-font-style:normal;--awb-text-font-weight:400;\" data-animationtype=\"fadeInUp\" data-animationduration=\"0.5\" data-animationdelay=\"0.3\" data-animationoffset=\"top-into-view\"><p style=\"text-align: center;\">Restaurant m\u00e9diterran\u00e9en contemporain proposant une carte inventive mais accessible, fid\u00e8le \u00e0 ses origines m\u00e9diterran\u00e9ennes. D\u00e9gustez notre s\u00e9lection raffin\u00e9e de plats traditionnels dans un cadre int\u00e9rieur et ext\u00e9rieur magnifique surplombant la baie de Balaclava.<\/p>\n<\/div><\/div><\/div><\/div><\/div><div class=\"fusion-fullwidth fullwidth-box fusion-builder-row-3 fusion-flex-container has-pattern-background has-mask-background test-class hundred-percent-fullwidth non-hundred-percent-height-scrolling\" style=\"--awb-background-position:left top;--awb-border-sizes-top:0px;--awb-border-sizes-bottom:0px;--awb-border-sizes-left:0px;--awb-border-sizes-right:0px;--awb-border-radius-top-left:0px;--awb-border-radius-top-right:0px;--awb-border-radius-bottom-right:0px;--awb-border-radius-bottom-left:0px;--awb-padding-top:0px;--awb-padding-right:0px;--awb-padding-bottom:0px;--awb-padding-left:0px;--awb-padding-bottom-medium:2px;--awb-margin-top:0px;--awb-margin-bottom:50px;--awb-flex-wrap:wrap;\" ><div class=\"fusion-builder-row fusion-row fusion-flex-align-items-flex-start fusion-flex-content-wrap\" style=\"width:calc( 100% + 0px ) !important;max-width:calc( 100% + 0px ) !important;margin-left: calc(-0px \/ 2 );margin-right: calc(-0px \/ 2 );\"><div class=\"fusion-layout-column fusion_builder_column fusion-builder-column-2 fusion_builder_column_3_5 3_5 fusion-flex-column fusion-flex-align-self-stretch fusion-column-inner-bg-wrapper\" style=\"--awb-inner-bg-size:cover;--awb-width-large:60%;--awb-margin-top-large:0px;--awb-spacing-right-large:0px;--awb-margin-bottom-large:20px;--awb-spacing-left-large:0px;--awb-width-medium:60%;--awb-order-medium:0;--awb-spacing-right-medium:0px;--awb-spacing-left-medium:0px;--awb-width-small:100%;--awb-order-small:0;--awb-spacing-right-small:0px;--awb-spacing-left-small:0px;\" data-scroll-devices=\"small-visibility,medium-visibility,large-visibility\"><span class=\"fusion-column-inner-bg hover-type-zoomin\"><span class=\"fusion-column-anchor\"><span class=\"fusion-column-inner-bg-image lazyload\" data-bg=\"https:\/\/oldsite.icmauritius.net\/wp-content\/uploads\/2024\/06\/dining-segala-3.jpg\"><\/span><\/span><\/span><div class=\"fusion-column-wrapper fusion-column-has-shadow fusion-flex-justify-content-flex-start fusion-content-layout-column fusion-empty-column-bg-image fusion-column-has-bg-image\" data-bg-url=\"https:\/\/oldsite.icmauritius.net\/wp-content\/uploads\/2024\/06\/dining-segala-3.jpg\"><img decoding=\"async\" class=\"fusion-empty-dims-img-placeholder\" aria-label=\"dining-segala-3\" src=\"data:image\/svg+xml,%3Csvg%20xmlns%3D%27http%3A%2F%2Fwww.w3.org%2F2000%2Fsvg%27%20width%3D%271920%27%20height%3D%271238%27%20viewBox%3D%270%200%201920%201238%27%3E%3Crect%20width%3D%271920%27%20height%3D%271238%27%20fill-opacity%3D%220%22%2F%3E%3C%2Fsvg%3E\"><\/div><\/div><div class=\"fusion-layout-column fusion_builder_column fusion-builder-column-3 fusion_builder_column_2_5 2_5 fusion-flex-column\" style=\"--awb-padding-top:30px;--awb-padding-right:30px;--awb-padding-bottom:30px;--awb-padding-left:30px;--awb-bg-blend:overlay;--awb-bg-size:cover;--awb-width-large:40%;--awb-margin-top-large:0px;--awb-spacing-right-large:calc( 0.125 * calc( 100% - 0px ) );--awb-margin-bottom-large:0px;--awb-spacing-left-large:calc( 0.075 * calc( 100% - 0px ) );--awb-width-medium:40%;--awb-order-medium:0;--awb-spacing-right-medium:calc( 0.125 * calc( 100% - 0px ) );--awb-spacing-left-medium:calc( 0.075 * calc( 100% - 0px ) );--awb-width-small:100%;--awb-order-small:0;--awb-spacing-right-small:0px;--awb-spacing-left-small:0px;\" data-scroll-devices=\"small-visibility,medium-visibility,large-visibility\"><div class=\"fusion-column-wrapper fusion-column-has-shadow fusion-flex-justify-content-flex-end fusion-content-layout-column\"><div class=\"fusion-title title fusion-title-3 fusion-sep-none fusion-title-text fusion-title-size-three fusion-animated\" style=\"--awb-text-color:#44443c;--awb-font-size:35px;\" data-animationtype=\"fadeInUp\" data-animationduration=\"0.6\" data-animationoffset=\"top-into-view\"><h3 class=\"fusion-title-heading title-heading-left\" style=\"font-family:&quot;ITC Baskerville Roman&quot;;font-style:normal;font-weight:400;margin:0;font-size:1em;line-height:40px;\">Segala<\/h3><\/div><div class=\"fusion-text fusion-text-2 fusion-animated\" style=\"--awb-content-alignment:center;--awb-font-size:18px;--awb-line-height:1.4em;--awb-text-color:#44443c;--awb-margin-top:30px;--awb-text-font-family:&quot;ITC Baskerville Roman&quot;;--awb-text-font-style:normal;--awb-text-font-weight:400;\" data-animationtype=\"fadeInUp\" data-animationduration=\"0.5\" data-animationdelay=\"0.3\" data-animationoffset=\"top-into-view\"><p style=\"text-align: left;\">Inspir\u00e9 par la simplicit\u00e9 rustique et les saveurs vibrantes de la r\u00e9gion, notre menu met en valeur le meilleur de la cuisine m\u00e9diterran\u00e9enne. Des soupes et salades g\u00e9n\u00e9reuses aux viandes et fruits de mer grill\u00e9s succulants, d\u00e9jeunez ou d\u00eenez \u00e0 l'int\u00e9rieur ou \u00e0 l'ext\u00e9rieur avec vue sur l'infini oc\u00e9an bleu azur. En mettant l'accent sur les ingr\u00e9dients frais et de saison ainsi que sur les recettes traditionnelles, vivez le v\u00e9ritable go\u00fbt de la dolce vita.<\/p>\n<\/div><div style=\"text-align:left;\"><a class=\"fusion-button button-flat fusion-button-default-size button-custom fusion-button-default button-1 fusion-button-default-span fusion-button-default-type fusion-animated fixdeco fusion-has-button-gradient\" style=\"--button_accent_color:#44443c;--button_border_color:#d3b5a3;--button_accent_hover_color:#9f9f9e;--button_border_hover_color:#d3b5a3;--button_border_width-top:0px;--button_border_width-right:0px;--button_border_width-bottom:0px;--button_border_width-left:0px;--button-border-radius-top-left:0px;--button-border-radius-top-right:0px;--button-border-radius-bottom-right:0px;--button-border-radius-bottom-left:0px;--button_gradient_top_color:rgba(255,255,255,0);--button_gradient_bottom_color:rgba(255,255,255,0.02);--button_gradient_top_color_hover:rgba(255,255,255,0);--button_gradient_bottom_color_hover:rgba(255,255,255,0);--button_font_size:20px;--button_line_height:2em;--button_padding-right:0px;--button_padding-bottom:0px;--button_padding-left:0px;--button_typography-font-family:&quot;ITC Baskerville Roman&quot;;--button_typography-font-style:normal;--button_typography-font-weight:400;\" data-animationtype=\"fadeInUp\" data-animationduration=\"0.6\" data-animationdelay=\"0.5\" data-animationoffset=\"top-into-view\" target=\"_self\" href=\"https:\/\/oldsite.icmauritius.net\/fr\/contact\/\"><span class=\"fusion-button-text\">R\u00e9server<\/span><\/a><\/div><\/div><\/div><\/div><\/div><div class=\"fusion-fullwidth fullwidth-box fusion-builder-row-4 fusion-flex-container has-pattern-background has-mask-background hundred-percent-fullwidth non-hundred-percent-height-scrolling\" style=\"--awb-border-radius-top-left:0px;--awb-border-radius-top-right:0px;--awb-border-radius-bottom-right:0px;--awb-border-radius-bottom-left:0px;--awb-margin-top:30px;--awb-margin-bottom:0px;--awb-background-color:#f4f4f3;--awb-flex-wrap:nowrap;\" ><div class=\"fusion-builder-row fusion-row fusion-flex-align-items-center fusion-flex-justify-content-center fusion-flex-content-wrap\" style=\"width:105% !important;max-width:105% !important;margin-left: calc(-5% \/ 2 );margin-right: calc(-5% \/ 2 );\"><div class=\"fusion-layout-column fusion_builder_column fusion-builder-column-4 fusion_builder_column_1_1 1_1 fusion-flex-column fusion-flex-align-self-stretch\" style=\"--awb-padding-top:30px;--awb-padding-bottom:50px;--awb-bg-size:cover;--awb-width-large:100%;--awb-margin-top-large:0px;--awb-spacing-right-large:2.375%;--awb-margin-bottom-large:20px;--awb-spacing-left-large:2.375%;--awb-width-medium:100%;--awb-order-medium:0;--awb-spacing-right-medium:2.375%;--awb-spacing-left-medium:2.375%;--awb-width-small:100%;--awb-order-small:0;--awb-spacing-right-small:2.375%;--awb-spacing-left-small:2.375%;\" data-scroll-devices=\"small-visibility,medium-visibility,large-visibility\"><div class=\"fusion-column-wrapper fusion-column-has-shadow fusion-flex-justify-content-flex-start fusion-content-layout-block\"><div class=\"fusion-title title fusion-title-4 fusion-title-center fusion-title-text fusion-title-size-one\" style=\"--awb-margin-top:45px;--awb-margin-bottom:0px;--awb-sep-color:#d3b5a3;--awb-font-size:30px;\"><div class=\"title-sep-container title-sep-container-left\"><div class=\"title-sep sep-single sep-solid\" style=\"border-color:#d3b5a3;\"><\/div><\/div><span class=\"awb-title-spacer\"><\/span><h1 class=\"fusion-title-heading title-heading-center\" style=\"font-family:&quot;ITC Baskerville Roman&quot;;font-style:normal;font-weight:400;margin:0;font-size:1em;letter-spacing:0.1em;text-transform:uppercase;\"><p style=\"text-align: center;\">L'exp\u00e9rience S\u00e9gala<\/p><\/h1><span class=\"awb-title-spacer\"><\/span><div class=\"title-sep-container title-sep-container-right\"><div class=\"title-sep sep-single sep-solid\" style=\"border-color:#d3b5a3;\"><\/div><\/div><\/div><\/div><\/div><\/div><\/div><div class=\"fusion-fullwidth fullwidth-box fusion-builder-row-5 fusion-flex-container has-pattern-background has-mask-background test-class hundred-percent-fullwidth non-hundred-percent-height-scrolling\" style=\"--awb-background-position:left top;--awb-border-sizes-top:0px;--awb-border-sizes-bottom:0px;--awb-border-sizes-left:0px;--awb-border-sizes-right:0px;--awb-border-radius-top-left:0px;--awb-border-radius-top-right:0px;--awb-border-radius-bottom-right:0px;--awb-border-radius-bottom-left:0px;--awb-padding-top:0px;--awb-padding-right:0px;--awb-padding-bottom:50px;--awb-padding-left:0px;--awb-padding-bottom-medium:2px;--awb-margin-top:0px;--awb-margin-bottom:50px;--awb-background-color:#f4f4f3;--awb-flex-wrap:wrap;\" ><div class=\"fusion-builder-row fusion-row fusion-flex-align-items-flex-start fusion-flex-content-wrap\" style=\"width:calc( 100% + 0px ) !important;max-width:calc( 100% + 0px ) !important;margin-left: calc(-0px \/ 2 );margin-right: calc(-0px \/ 2 );\"><div class=\"fusion-layout-column fusion_builder_column fusion-builder-column-5 fusion_builder_column_2_5 2_5 fusion-flex-column\" style=\"--awb-padding-top:30px;--awb-padding-right:30px;--awb-padding-bottom:30px;--awb-padding-left:30px;--awb-bg-blend:overlay;--awb-bg-size:cover;--awb-width-large:40%;--awb-margin-top-large:0px;--awb-spacing-right-large:calc( 0.125 * calc( 100% - 0px ) );--awb-margin-bottom-large:0px;--awb-spacing-left-large:calc( 0.075 * calc( 100% - 0px ) );--awb-width-medium:40%;--awb-order-medium:0;--awb-spacing-right-medium:calc( 0.125 * calc( 100% - 0px ) );--awb-spacing-left-medium:calc( 0.075 * calc( 100% - 0px ) );--awb-width-small:100%;--awb-order-small:0;--awb-spacing-right-small:0px;--awb-spacing-left-small:0px;\" data-scroll-devices=\"small-visibility,medium-visibility,large-visibility\"><div class=\"fusion-column-wrapper fusion-column-has-shadow fusion-flex-justify-content-flex-end fusion-content-layout-column\"><div class=\"fusion-title title fusion-title-5 fusion-sep-none fusion-title-text fusion-title-size-three fusion-animated\" style=\"--awb-text-color:#44443c;--awb-font-size:35px;\" data-animationtype=\"fadeInUp\" data-animationduration=\"0.6\" data-animationoffset=\"top-into-view\"><h3 class=\"fusion-title-heading title-heading-left\" style=\"font-family:&quot;ITC Baskerville Roman&quot;;font-style:normal;font-weight:400;margin:0;font-size:1em;line-height:40px;\">Restaurant m\u00e9diterran\u00e9en<\/h3><\/div><div class=\"fusion-text fusion-text-3 fusion-animated\" style=\"--awb-content-alignment:left;--awb-font-size:18px;--awb-line-height:1.4em;--awb-text-color:#44443c;--awb-margin-top:30px;--awb-text-font-family:&quot;ITC Baskerville Roman&quot;;--awb-text-font-style:normal;--awb-text-font-weight:400;\" data-animationtype=\"fadeInUp\" data-animationduration=\"0.5\" data-animationdelay=\"0.3\" data-animationoffset=\"top-into-view\"><p style=\"text-align: left;\">HORAIRE<\/p>\n<p style=\"text-align: left;\">LUNCH<br \/>\nDaily | 6pm &#8211; 10:30pm<\/p>\n<p style=\"text-align: left;\">DINNER<br \/>\nDaily | 6pm &#8211; 10:30pm<\/p>\n<p style=\"text-align: left;\">Cuisine: Contemporary Mediterranean<\/p>\n<p style=\"text-align: left;\">Dress code:<br \/>\nSmart Casual &amp; No Beachwear<\/p>\n<p style=\"text-align: left;\">Policy: TBP<\/p>\n<\/div><div style=\"text-align:left;\"><a class=\"fusion-button button-flat fusion-button-default-size button-custom fusion-button-default button-2 fusion-button-default-span fusion-button-default-type fusion-animated fixdeco fusion-has-button-gradient\" style=\"--button_accent_color:#44443c;--button_border_color:#d3b5a3;--button_accent_hover_color:#9f9f9e;--button_border_hover_color:#d3b5a3;--button_border_width-top:0px;--button_border_width-right:0px;--button_border_width-bottom:0px;--button_border_width-left:0px;--button-border-radius-top-left:0px;--button-border-radius-top-right:0px;--button-border-radius-bottom-right:0px;--button-border-radius-bottom-left:0px;--button_gradient_top_color:rgba(255,255,255,0);--button_gradient_bottom_color:rgba(255,255,255,0.02);--button_gradient_top_color_hover:rgba(255,255,255,0);--button_gradient_bottom_color_hover:rgba(255,255,255,0);--button_font_size:20px;--button_line_height:2em;--button_padding-right:0px;--button_padding-bottom:0px;--button_padding-left:0px;--button_typography-font-family:&quot;ITC Baskerville Roman&quot;;--button_typography-font-style:normal;--button_typography-font-weight:400;\" data-animationtype=\"fadeInUp\" data-animationduration=\"0.6\" data-animationdelay=\"0.5\" data-animationoffset=\"top-into-view\" target=\"_self\" href=\"https:\/\/oldsite.icmauritius.net\/fr\/contact\/\"><span class=\"fusion-button-text\">R\u00e9server<\/span><\/a><\/div><\/div><\/div><div class=\"fusion-layout-column fusion_builder_column fusion-builder-column-6 fusion_builder_column_3_5 3_5 fusion-flex-column fusion-flex-align-self-stretch fusion-column-inner-bg-wrapper\" style=\"--awb-inner-bg-size:cover;--awb-width-large:60%;--awb-margin-top-large:0px;--awb-spacing-right-large:0px;--awb-margin-bottom-large:20px;--awb-spacing-left-large:0px;--awb-width-medium:60%;--awb-order-medium:0;--awb-spacing-right-medium:0px;--awb-spacing-left-medium:0px;--awb-width-small:100%;--awb-order-small:0;--awb-spacing-right-small:0px;--awb-spacing-left-small:0px;\" data-scroll-devices=\"small-visibility,medium-visibility,large-visibility\"><span class=\"fusion-column-inner-bg hover-type-zoomin\"><span class=\"fusion-column-anchor\"><span class=\"fusion-column-inner-bg-image lazyload\" data-bg=\"https:\/\/oldsite.icmauritius.net\/wp-content\/uploads\/2024\/03\/dining-segala-1.jpg\"><\/span><\/span><\/span><div class=\"fusion-column-wrapper fusion-column-has-shadow fusion-flex-justify-content-flex-start fusion-content-layout-column fusion-empty-column-bg-image fusion-column-has-bg-image\" data-bg-url=\"https:\/\/oldsite.icmauritius.net\/wp-content\/uploads\/2024\/03\/dining-segala-1.jpg\"><img decoding=\"async\" class=\"fusion-empty-dims-img-placeholder\" aria-label=\"dining-segala-1\" src=\"data:image\/svg+xml,%3Csvg%20xmlns%3D%27http%3A%2F%2Fwww.w3.org%2F2000%2Fsvg%27%20width%3D%271920%27%20height%3D%271238%27%20viewBox%3D%270%200%201920%201238%27%3E%3Crect%20width%3D%271920%27%20height%3D%271238%27%20fill-opacity%3D%220%22%2F%3E%3C%2Fsvg%3E\"><\/div><\/div><\/div><\/div><\/p>","protected":false},"excerpt":{"rendered":"","protected":false},"author":1,"featured_media":0,"parent":0,"menu_order":0,"comment_status":"closed","ping_status":"closed","template":"100-width.php","meta":{"footnotes":""},"folder":[],"class_list":["post-2827","page","type-page","status-publish","hentry"],"_links":{"self":[{"href":"https:\/\/oldsite.icmauritius.net\/fr\/wp-json\/wp\/v2\/pages\/2827","targetHints":{"allow":["GET"]}}],"collection":[{"href":"https:\/\/oldsite.icmauritius.net\/fr\/wp-json\/wp\/v2\/pages"}],"about":[{"href":"https:\/\/oldsite.icmauritius.net\/fr\/wp-json\/wp\/v2\/types\/page"}],"author":[{"embeddable":true,"href":"https:\/\/oldsite.icmauritius.net\/fr\/wp-json\/wp\/v2\/users\/1"}],"replies":[{"embeddable":true,"href":"https:\/\/oldsite.icmauritius.net\/fr\/wp-json\/wp\/v2\/comments?post=2827"}],"version-history":[{"count":14,"href":"https:\/\/oldsite.icmauritius.net\/fr\/wp-json\/wp\/v2\/pages\/2827\/revisions"}],"predecessor-version":[{"id":4491,"href":"https:\/\/oldsite.icmauritius.net\/fr\/wp-json\/wp\/v2\/pages\/2827\/revisions\/4491"}],"wp:attachment":[{"href":"https:\/\/oldsite.icmauritius.net\/fr\/wp-json\/wp\/v2\/media?parent=2827"}],"wp:term":[{"taxonomy":"folder","embeddable":true,"href":"https:\/\/oldsite.icmauritius.net\/fr\/wp-json\/wp\/v2\/folder?post=2827"}],"curies":[{"name":"wp","href":"https:\/\/api.w.org\/{rel}","templated":true}]}}